{"id":15,"date":"2025-07-19T21:54:36","date_gmt":"2025-07-19T21:54:36","guid":{"rendered":"https:\/\/riise-terapi.com\/index.php\/om-maj-riise\/"},"modified":"2025-09-06T14:41:51","modified_gmt":"2025-09-06T12:41:51","slug":"om-maj-riise","status":"publish","type":"page","link":"https:\/\/riise-terapi.com\/index.php\/om-maj-riise\/","title":{"rendered":"Om Maj Riise"},"content":{"rendered":"\t\t<div data-elementor-type=\"wp-page\" data-elementor-id=\"15\" class=\"elementor elementor-15\">\n\t\t\t\t<div class=\"elementor-element elementor-element-8f55a38 e-flex e-con-boxed e-con e-parent\" data-id=\"8f55a38\" data-element_type=\"container\" data-e-type=\"container\">\n\t\t\t\t\t<div class=\"e-con-inner\">\n\t\t<div class=\"elementor-element elementor-element-3215f75 e-con-full e-flex e-con e-child\" data-id=\"3215f75\" data-element_type=\"container\" data-e-type=\"container\">\n\t\t\t\t<div class=\"elementor-element elementor-element-db00a2c elementor-widget elementor-widget-heading\" data-id=\"db00a2c\" data-element_type=\"widget\" data-e-type=\"widget\" data-widget_type=\"heading.default\">\n\t\t\t\t\t<h5 class=\"elementor-heading-title elementor-size-default\">Velkommen til Maj Riise<\/h5>\t\t\t\t<\/div>\n\t\t\t\t<div class=\"elementor-element elementor-element-cc932a4 elementor-widget elementor-widget-heading\" data-id=\"cc932a4\" data-element_type=\"widget\" data-e-type=\"widget\" data-widget_type=\"heading.default\">\n\t\t\t\t\t<h2 class=\"elementor-heading-title elementor-size-default\">Min livsterapeutiske baggrund<\/h2>\t\t\t\t<\/div>\n\t\t\t\t<div class=\"elementor-element elementor-element-bd5b7aa elementor-widget elementor-widget-text-editor\" data-id=\"bd5b7aa\" data-element_type=\"widget\" data-e-type=\"widget\" data-widget_type=\"text-editor.default\">\n\t\t\t\t\t\t\t\t\t<p>Jeg er f\u00f8dt i 1968 og har en del livserfaring\/uddannelser i min terapeutiske v\u00e6rkt\u00f8jskasse, der kan st\u00f8tte dig og sammen med dig g\u00e5 p\u00e5 opdagelse i det du \u00f8nsker at arbejde med.\u00a0<\/p><p>Jeg lever i NUET, \u201dthe simple life\u201d i min kolonihave.<\/p><p>S\u00e5 s\u00f8ger du en terapeut der taler hvor andre tier, g\u00e5r ind n\u00e5r andre g\u00e5r ud, g\u00e5r med tr\u00e6sko n\u00e5r andre g\u00e5r med listesko? Har du brug for en terapeut der kan tale \u00e5bent om tabuemner som afh\u00e6ngighed, udfordringer i familien, seksualitet, eller krise i parforholdet? S\u00e5 kan jeg v\u00e6re terapeuten for dig!<\/p><p>Jeg har blandt andet arbejdet p\u00e5 LGBTQ+ omr\u00e5det og med dem p\u00e5 kanten af loven og samfundet. Jeg er uddannet familie\/par \u2013 og body-movement terapeut. Reg. Psykoterapeut og medlem af FaDP.<\/p>\t\t\t\t\t\t\t\t<\/div>\n\t\t<div class=\"elementor-element elementor-element-97279e2 e-flex e-con-boxed e-con e-child\" data-id=\"97279e2\" data-element_type=\"container\" data-e-type=\"container\">\n\t\t\t\t\t<div class=\"e-con-inner\">\n\t\t\t\t<div class=\"elementor-element elementor-element-105f201 elementor-widget__width-auto elementor-widget elementor-widget-button\" data-id=\"105f201\" data-element_type=\"widget\" data-e-type=\"widget\" data-widget_type=\"button.default\">\n\t\t\t\t\t\t\t\t\t\t<a class=\"elementor-button elementor-button-link elementor-size-sm\" href=\"https:\/\/riise-terapi.com\/index.php\/kontakt\/\">\n\t\t\t\t\t\t<span class=\"elementor-button-content-wrapper\">\n\t\t\t\t\t\t\t\t\t<span class=\"elementor-button-text\">Kontakt mig<\/span>\n\t\t\t\t\t<\/span>\n\t\t\t\t\t<\/a>\n\t\t\t\t\t\t\t\t<\/div>\n\t\t\t\t\t<\/div>\n\t\t\t\t<\/div>\n\t\t\t\t<\/div>\n\t\t\t\t\t<\/div>\n\t\t\t\t<\/div>\n\t\t<div class=\"elementor-element elementor-element-0612aa4 e-flex e-con-boxed e-con e-parent\" data-id=\"0612aa4\" data-element_type=\"container\" data-e-type=\"container\" data-settings=\"{&quot;background_background&quot;:&quot;classic&quot;}\">\n\t\t\t\t\t<div class=\"e-con-inner\">\n\t\t<div class=\"elementor-element elementor-element-e388d91 e-con-full e-flex e-con e-child\" data-id=\"e388d91\" data-element_type=\"container\" data-e-type=\"container\">\n\t\t\t\t<div class=\"elementor-element elementor-element-94d5dee elementor-widget elementor-widget-heading\" data-id=\"94d5dee\" data-element_type=\"widget\" data-e-type=\"widget\" data-widget_type=\"heading.default\">\n\t\t\t\t\t<h5 class=\"elementor-heading-title elementor-size-default\">Klienter taler ud<\/h5>\t\t\t\t<\/div>\n\t\t\t\t<div class=\"elementor-element elementor-element-128812c elementor-widget elementor-widget-heading\" data-id=\"128812c\" data-element_type=\"widget\" data-e-type=\"widget\" data-widget_type=\"heading.default\">\n\t\t\t\t\t<h2 class=\"elementor-heading-title elementor-size-default\">Oplevelser fra dem, der har fundet ro med Maj<\/h2>\t\t\t\t<\/div>\n\t\t\t\t<\/div>\n\t\t<div class=\"elementor-element elementor-element-bf42fc7 e-con-full e-flex e-con e-child\" data-id=\"bf42fc7\" data-element_type=\"container\" data-e-type=\"container\">\n\t\t<div class=\"elementor-element elementor-element-d19f26f e-con-full e-flex e-con e-child\" data-id=\"d19f26f\" data-element_type=\"container\" data-e-type=\"container\">\n\t\t\t\t<div class=\"elementor-element elementor-element-14a490f elementor--star-style-\u2b50\u2b50\u2b50\u2b50\u2b50 elementor-star-rating--align-center elementor-widget elementor-widget-star-rating\" data-id=\"14a490f\" data-element_type=\"widget\" data-e-type=\"widget\" data-widget_type=\"star-rating.default\">\n\t\t\t\t\t\t\t<div class=\"elementor-star-rating__wrapper\">\n\t\t\t\t\t\t<div class=\"elementor-star-rating\" itemtype=\"http:\/\/schema.org\/Rating\" itemscope=\"\" itemprop=\"reviewRating\">\n\t\t\t\t<i class=\"elementor-star-full\" aria-hidden=\"true\">&#xE934;<\/i><i class=\"elementor-star-full\" aria-hidden=\"true\">&#xE934;<\/i><i class=\"elementor-star-full\" aria-hidden=\"true\">&#xE934;<\/i><i class=\"elementor-star-full\" aria-hidden=\"true\">&#xE934;<\/i><i class=\"elementor-star-full\" aria-hidden=\"true\">&#xE934;<\/i>\t\t\t\t<span itemprop=\"ratingValue\" class=\"elementor-screen-only\">Rated 5 out of 5<\/span>\n\t\t\t<\/div>\n\t\t<\/div>\n\t\t\t\t\t\t<\/div>\n\t\t\t\t<div class=\"elementor-element elementor-element-c4ce000 elementor-widget elementor-widget-testimonial\" data-id=\"c4ce000\" data-element_type=\"widget\" data-e-type=\"widget\" data-widget_type=\"testimonial.default\">\n\t\t\t\t\t\t\t<div class=\"elementor-testimonial-wrapper\">\n\t\t\t\t\t\t\t<div class=\"elementor-testimonial-content\">\"Maj har en helt unik m\u00e5de at lytte p\u00e5. Hendes empati og forst\u00e5else gav mig plads til at udforske mine tanker, uden at f\u00f8le mig presset. Det har v\u00e6ret utroligt v\u00e6rdifuldt for mig.\"<\/div>\n\t\t\t\n\t\t\t\t\t\t<div class=\"elementor-testimonial-meta\">\n\t\t\t\t<div class=\"elementor-testimonial-meta-inner\">\n\t\t\t\t\t\n\t\t\t\t\t\t\t\t\t\t<div class=\"elementor-testimonial-details\">\n\t\t\t\t\t\t\t\t\t\t\t\t\t\t<div class=\"elementor-testimonial-name\">Sofia Jensen<\/div>\n\t\t\t\t\t\t\t\t\t\t\t\t\t\t\t\t\t\t\t\t\t\t<div class=\"elementor-testimonial-job\">Grafiker<\/div>\n\t\t\t\t\t\t\t\t\t\t\t\t\t<\/div>\n\t\t\t\t\t\t\t\t\t<\/div>\n\t\t\t<\/div>\n\t\t\t\t\t<\/div>\n\t\t\t\t\t\t<\/div>\n\t\t\t\t<\/div>\n\t\t\t\t<\/div>\n\t\t\t\t\t<\/div>\n\t\t\t\t<\/div>\n\t\t<div class=\"elementor-element elementor-element-2d5b78f e-con-full e-flex e-con e-parent\" data-id=\"2d5b78f\" data-element_type=\"container\" data-e-type=\"container\" data-settings=\"{&quot;background_background&quot;:&quot;classic&quot;}\">\n\t\t\t\t<div class=\"elementor-element elementor-element-950b9b7 elementor-widget elementor-widget-heading\" data-id=\"950b9b7\" data-element_type=\"widget\" data-e-type=\"widget\" data-widget_type=\"heading.default\">\n\t\t\t\t\t<h2 class=\"elementor-heading-title elementor-size-default\">Kontakt Maj for at starte din rejse<\/h2>\t\t\t\t<\/div>\n\t\t\t\t<div class=\"elementor-element elementor-element-781b358 elementor-widget elementor-widget-text-editor\" data-id=\"781b358\" data-element_type=\"widget\" data-e-type=\"widget\" data-widget_type=\"text-editor.default\">\n\t\t\t\t\t\t\t\t\t<p>Har du sp\u00f8rgsm\u00e5l eller \u00f8nsker du at booke en session? T\u00f8v ikke med at r\u00e6kke ud. Maj er her for at hj\u00e6lpe dig.<\/p>\t\t\t\t\t\t\t\t<\/div>\n\t\t\t\t<div class=\"elementor-element elementor-element-9e5e419 elementor-widget__width-auto elementor-align-right elementor-widget elementor-widget-button\" data-id=\"9e5e419\" data-element_type=\"widget\" data-e-type=\"widget\" data-widget_type=\"button.default\">\n\t\t\t\t\t\t\t\t\t\t<a class=\"elementor-button elementor-button-link elementor-size-sm\" href=\"#\">\n\t\t\t\t\t\t<span class=\"elementor-button-content-wrapper\">\n\t\t\t\t\t\t\t\t\t<span class=\"elementor-button-text\">Book nu<\/span>\n\t\t\t\t\t<\/span>\n\t\t\t\t\t<\/a>\n\t\t\t\t\t\t\t\t<\/div>\n\t\t\t\t<\/div>\n\t\t<div class=\"elementor-element elementor-element-69cb08c e-flex e-con-boxed e-con e-parent\" data-id=\"69cb08c\" data-element_type=\"container\" data-e-type=\"container\">\n\t\t\t\t\t<div class=\"e-con-inner\">\n\t\t<div class=\"elementor-element elementor-element-c4d9a03 e-flex e-con-boxed e-con e-child\" data-id=\"c4d9a03\" data-element_type=\"container\" data-e-type=\"container\">\n\t\t\t\t\t<div class=\"e-con-inner\">\n\t\t\t\t<div class=\"elementor-element elementor-element-0974780 elementor-widget elementor-widget-heading\" data-id=\"0974780\" data-element_type=\"widget\" data-e-type=\"widget\" data-widget_type=\"heading.default\">\n\t\t\t\t\t<h5 class=\"elementor-heading-title elementor-size-default\">Oplev Magien<\/h5>\t\t\t\t<\/div>\n\t\t\t\t<div class=\"elementor-element elementor-element-114d0ca elementor-widget elementor-widget-heading\" data-id=\"114d0ca\" data-element_type=\"widget\" data-e-type=\"widget\" data-widget_type=\"heading.default\">\n\t\t\t\t\t<h2 class=\"elementor-heading-title elementor-size-default\">Galleri<\/h2>\t\t\t\t<\/div>\n\t\t\t\t\t<\/div>\n\t\t\t\t<\/div>\n\t\t<div class=\"elementor-element elementor-element-5b681ef e-con-full e-flex e-con e-child\" data-id=\"5b681ef\" data-element_type=\"container\" data-e-type=\"container\">\n\t\t\t\t<div class=\"elementor-element elementor-element-30d8771 gallery-spacing-standard elementor-widget elementor-widget-image-gallery\" data-id=\"30d8771\" data-element_type=\"widget\" data-e-type=\"widget\" data-widget_type=\"image-gallery.default\">\n\t\t\t\t\t\t\t<div class=\"elementor-image-gallery\">\n\t\t\t\t\t<\/div>\n\t\t\t\t\t\t<\/div>\n\t\t\t\t<\/div>\n\t\t\t\t\t<\/div>\n\t\t\t\t<\/div>\n\t\t\t\t<\/div>\n\t\t","protected":false},"excerpt":{"rendered":"<p>Velkommen til Maj Riise Min livsterapeutiske baggrund Jeg er f\u00f8dt i 1968 og har en del livserfaring\/uddannelser i min terapeutiske v\u00e6rkt\u00f8jskasse, der kan st\u00f8tte dig og sammen med dig g\u00e5 p\u00e5 opdagelse i det du \u00f8nsker at arbejde med.\u00a0 Jeg lever i NUET, \u201dthe simple life\u201d i min kolonihave. S\u00e5 s\u00f8ger du en terapeut der [&hellip;]<\/p>\n","protected":false},"author":1,"featured_media":0,"parent":0,"menu_order":0,"comment_status":"closed","ping_status":"closed","template":"","meta":{"footnotes":""},"class_list":["post-15","page","type-page","status-publish","hentry"],"yoast_head":"<!-- This site is optimized with the Yoast SEO plugin v27.4 - https:\/\/yoast.com\/product\/yoast-seo-wordpress\/ -->\n<title>Om Maj Riise - Riise Terapi<\/title>\n<meta name=\"robots\" content=\"index, follow, max-snippet:-1, max-image-preview:large, max-video-preview:-1\" \/>\n<link rel=\"canonical\" href=\"https:\/\/riise-terapi.com\/index.php\/om-maj-riise\/\" \/>\n<meta property=\"og:locale\" content=\"da_DK\" \/>\n<meta property=\"og:type\" content=\"article\" \/>\n<meta property=\"og:title\" content=\"Om Maj Riise - Riise Terapi\" \/>\n<meta property=\"og:description\" content=\"Velkommen til Maj Riise Min livsterapeutiske baggrund Jeg er f\u00f8dt i 1968 og har en del livserfaring\/uddannelser i min terapeutiske v\u00e6rkt\u00f8jskasse, der kan st\u00f8tte dig og sammen med dig g\u00e5 p\u00e5 opdagelse i det du \u00f8nsker at arbejde med.\u00a0 Jeg lever i NUET, \u201dthe simple life\u201d i min kolonihave. S\u00e5 s\u00f8ger du en terapeut der [&hellip;]\" \/>\n<meta property=\"og:url\" content=\"https:\/\/riise-terapi.com\/index.php\/om-maj-riise\/\" \/>\n<meta property=\"og:site_name\" content=\"Riise Terapi\" \/>\n<meta property=\"article:modified_time\" content=\"2025-09-06T12:41:51+00:00\" \/>\n<meta name=\"twitter:card\" content=\"summary_large_image\" \/>\n<meta name=\"twitter:label1\" content=\"Estimeret l\u00e6setid\" \/>\n\t<meta name=\"twitter:data1\" content=\"2 minutter\" \/>\n<script type=\"application\/ld+json\" class=\"yoast-schema-graph\">{\"@context\":\"https:\\\/\\\/schema.org\",\"@graph\":[{\"@type\":\"WebPage\",\"@id\":\"https:\\\/\\\/riise-terapi.com\\\/index.php\\\/om-maj-riise\\\/\",\"url\":\"https:\\\/\\\/riise-terapi.com\\\/index.php\\\/om-maj-riise\\\/\",\"name\":\"Om Maj Riise - Riise Terapi\",\"isPartOf\":{\"@id\":\"https:\\\/\\\/riise-terapi.com\\\/#website\"},\"datePublished\":\"2025-07-19T21:54:36+00:00\",\"dateModified\":\"2025-09-06T12:41:51+00:00\",\"breadcrumb\":{\"@id\":\"https:\\\/\\\/riise-terapi.com\\\/index.php\\\/om-maj-riise\\\/#breadcrumb\"},\"inLanguage\":\"da-DK\",\"potentialAction\":[{\"@type\":\"ReadAction\",\"target\":[\"https:\\\/\\\/riise-terapi.com\\\/index.php\\\/om-maj-riise\\\/\"]}]},{\"@type\":\"BreadcrumbList\",\"@id\":\"https:\\\/\\\/riise-terapi.com\\\/index.php\\\/om-maj-riise\\\/#breadcrumb\",\"itemListElement\":[{\"@type\":\"ListItem\",\"position\":1,\"name\":\"Hjem\",\"item\":\"https:\\\/\\\/riise-terapi.com\\\/\"},{\"@type\":\"ListItem\",\"position\":2,\"name\":\"Om Maj Riise\"}]},{\"@type\":\"WebSite\",\"@id\":\"https:\\\/\\\/riise-terapi.com\\\/#website\",\"url\":\"https:\\\/\\\/riise-terapi.com\\\/\",\"name\":\"Riise Terapi\",\"description\":\"\",\"potentialAction\":[{\"@type\":\"SearchAction\",\"target\":{\"@type\":\"EntryPoint\",\"urlTemplate\":\"https:\\\/\\\/riise-terapi.com\\\/?s={search_term_string}\"},\"query-input\":{\"@type\":\"PropertyValueSpecification\",\"valueRequired\":true,\"valueName\":\"search_term_string\"}}],\"inLanguage\":\"da-DK\"}]}<\/script>\n<!-- \/ Yoast SEO plugin. -->","yoast_head_json":{"title":"Om Maj Riise - Riise Terapi","robots":{"index":"index","follow":"follow","max-snippet":"max-snippet:-1","max-image-preview":"max-image-preview:large","max-video-preview":"max-video-preview:-1"},"canonical":"https:\/\/riise-terapi.com\/index.php\/om-maj-riise\/","og_locale":"da_DK","og_type":"article","og_title":"Om Maj Riise - Riise Terapi","og_description":"Velkommen til Maj Riise Min livsterapeutiske baggrund Jeg er f\u00f8dt i 1968 og har en del livserfaring\/uddannelser i min terapeutiske v\u00e6rkt\u00f8jskasse, der kan st\u00f8tte dig og sammen med dig g\u00e5 p\u00e5 opdagelse i det du \u00f8nsker at arbejde med.\u00a0 Jeg lever i NUET, \u201dthe simple life\u201d i min kolonihave. S\u00e5 s\u00f8ger du en terapeut der [&hellip;]","og_url":"https:\/\/riise-terapi.com\/index.php\/om-maj-riise\/","og_site_name":"Riise Terapi","article_modified_time":"2025-09-06T12:41:51+00:00","twitter_card":"summary_large_image","twitter_misc":{"Estimeret l\u00e6setid":"2 minutter"},"schema":{"@context":"https:\/\/schema.org","@graph":[{"@type":"WebPage","@id":"https:\/\/riise-terapi.com\/index.php\/om-maj-riise\/","url":"https:\/\/riise-terapi.com\/index.php\/om-maj-riise\/","name":"Om Maj Riise - Riise Terapi","isPartOf":{"@id":"https:\/\/riise-terapi.com\/#website"},"datePublished":"2025-07-19T21:54:36+00:00","dateModified":"2025-09-06T12:41:51+00:00","breadcrumb":{"@id":"https:\/\/riise-terapi.com\/index.php\/om-maj-riise\/#breadcrumb"},"inLanguage":"da-DK","potentialAction":[{"@type":"ReadAction","target":["https:\/\/riise-terapi.com\/index.php\/om-maj-riise\/"]}]},{"@type":"BreadcrumbList","@id":"https:\/\/riise-terapi.com\/index.php\/om-maj-riise\/#breadcrumb","itemListElement":[{"@type":"ListItem","position":1,"name":"Hjem","item":"https:\/\/riise-terapi.com\/"},{"@type":"ListItem","position":2,"name":"Om Maj Riise"}]},{"@type":"WebSite","@id":"https:\/\/riise-terapi.com\/#website","url":"https:\/\/riise-terapi.com\/","name":"Riise Terapi","description":"","potentialAction":[{"@type":"SearchAction","target":{"@type":"EntryPoint","urlTemplate":"https:\/\/riise-terapi.com\/?s={search_term_string}"},"query-input":{"@type":"PropertyValueSpecification","valueRequired":true,"valueName":"search_term_string"}}],"inLanguage":"da-DK"}]}},"_links":{"self":[{"href":"https:\/\/riise-terapi.com\/index.php\/wp-json\/wp\/v2\/pages\/15","targetHints":{"allow":["GET"]}}],"collection":[{"href":"https:\/\/riise-terapi.com\/index.php\/wp-json\/wp\/v2\/pages"}],"about":[{"href":"https:\/\/riise-terapi.com\/index.php\/wp-json\/wp\/v2\/types\/page"}],"author":[{"embeddable":true,"href":"https:\/\/riise-terapi.com\/index.php\/wp-json\/wp\/v2\/users\/1"}],"replies":[{"embeddable":true,"href":"https:\/\/riise-terapi.com\/index.php\/wp-json\/wp\/v2\/comments?post=15"}],"version-history":[{"count":17,"href":"https:\/\/riise-terapi.com\/index.php\/wp-json\/wp\/v2\/pages\/15\/revisions"}],"predecessor-version":[{"id":267,"href":"https:\/\/riise-terapi.com\/index.php\/wp-json\/wp\/v2\/pages\/15\/revisions\/267"}],"wp:attachment":[{"href":"https:\/\/riise-terapi.com\/index.php\/wp-json\/wp\/v2\/media?parent=15"}],"curies":[{"name":"wp","href":"https:\/\/api.w.org\/{rel}","templated":true}]}}