{"id":17,"date":"2025-07-19T21:54:36","date_gmt":"2025-07-19T21:54:36","guid":{"rendered":"https:\/\/riise-terapi.com\/index.php\/kunst-keramik-terapi\/"},"modified":"2025-09-06T16:37:53","modified_gmt":"2025-09-06T14:37:53","slug":"kunst-keramik-terapi","status":"publish","type":"page","link":"https:\/\/riise-terapi.com\/index.php\/kunst-keramik-terapi\/","title":{"rendered":"Kunst Keramik Terapi"},"content":{"rendered":"\t\t<div data-elementor-type=\"wp-page\" data-elementor-id=\"17\" class=\"elementor elementor-17\">\n\t\t\t\t<div class=\"elementor-element elementor-element-ad24acc e-flex e-con-boxed e-con e-parent\" data-id=\"ad24acc\" data-element_type=\"container\" data-e-type=\"container\" data-settings=\"{&quot;background_background&quot;:&quot;classic&quot;}\">\n\t\t\t\t\t<div class=\"e-con-inner\">\n\t\t<div class=\"elementor-element elementor-element-6d7b711 e-con-full e-flex e-con e-child\" data-id=\"6d7b711\" data-element_type=\"container\" data-e-type=\"container\">\n\t\t\t\t<div class=\"elementor-element elementor-element-0ce05f2 elementor-widget elementor-widget-heading\" data-id=\"0ce05f2\" data-element_type=\"widget\" data-e-type=\"widget\" data-widget_type=\"heading.default\">\n\t\t\t\t\t<h2 class=\"elementor-heading-title elementor-size-default\">Sanser fremmer ord<\/h2>\t\t\t\t<\/div>\n\t\t\t\t<div class=\"elementor-element elementor-element-cd6af3b elementor-widget elementor-widget-text-editor\" data-id=\"cd6af3b\" data-element_type=\"widget\" data-e-type=\"widget\" data-widget_type=\"text-editor.default\">\n\t\t\t\t\t\t\t\t\t<p>N\u00e5r ord ikke sl\u00e5r til, kan vi udtrykke os gennem materialer, farver og form.<\/p>\t\t\t\t\t\t\t\t<\/div>\n\t\t\t\t<div class=\"elementor-element elementor-element-334d579 e-transform elementor-widget elementor-widget-image\" data-id=\"334d579\" data-element_type=\"widget\" data-e-type=\"widget\" data-settings=\"{&quot;_transform_translateX_effect&quot;:{&quot;unit&quot;:&quot;px&quot;,&quot;size&quot;:13,&quot;sizes&quot;:[]},&quot;_transform_translateX_effect_tablet&quot;:{&quot;unit&quot;:&quot;px&quot;,&quot;size&quot;:&quot;&quot;,&quot;sizes&quot;:[]},&quot;_transform_translateX_effect_mobile&quot;:{&quot;unit&quot;:&quot;px&quot;,&quot;size&quot;:&quot;&quot;,&quot;sizes&quot;:[]},&quot;_transform_translateY_effect&quot;:{&quot;unit&quot;:&quot;px&quot;,&quot;size&quot;:&quot;&quot;,&quot;sizes&quot;:[]},&quot;_transform_translateY_effect_tablet&quot;:{&quot;unit&quot;:&quot;px&quot;,&quot;size&quot;:&quot;&quot;,&quot;sizes&quot;:[]},&quot;_transform_translateY_effect_mobile&quot;:{&quot;unit&quot;:&quot;px&quot;,&quot;size&quot;:&quot;&quot;,&quot;sizes&quot;:[]}}\" data-widget_type=\"image.default\">\n\t\t\t\t\t\t\t\t\t\t\t\t\t\t\t<img fetchpriority=\"high\" decoding=\"async\" width=\"1920\" height=\"2560\" src=\"https:\/\/riise-terapi.com\/wp-content\/uploads\/2025\/08\/IMG_2905-scaled.jpg\" class=\"attachment-full size-full wp-image-133\" alt=\"\" srcset=\"https:\/\/riise-terapi.com\/wp-content\/uploads\/2025\/08\/IMG_2905-scaled.jpg 1920w, https:\/\/riise-terapi.com\/wp-content\/uploads\/2025\/08\/IMG_2905-225x300.jpg 225w, https:\/\/riise-terapi.com\/wp-content\/uploads\/2025\/08\/IMG_2905-768x1024.jpg 768w, https:\/\/riise-terapi.com\/wp-content\/uploads\/2025\/08\/IMG_2905-1152x1536.jpg 1152w, https:\/\/riise-terapi.com\/wp-content\/uploads\/2025\/08\/IMG_2905-1536x2048.jpg 1536w\" sizes=\"(max-width: 1920px) 100vw, 1920px\" \/>\t\t\t\t\t\t\t\t\t\t\t\t\t\t\t<\/div>\n\t\t\t\t<div class=\"elementor-element elementor-element-3ce9005 elementor-widget elementor-widget-heading\" data-id=\"3ce9005\" data-element_type=\"widget\" data-e-type=\"widget\" data-widget_type=\"heading.default\">\n\t\t\t\t\t<h2 class=\"elementor-heading-title elementor-size-default\">Hvad kan keramiktrapien g\u00f8re for dig?<\/h2>\t\t\t\t<\/div>\n\t\t\t\t<div class=\"elementor-element elementor-element-977bd1e elementor-widget elementor-widget-text-editor\" data-id=\"977bd1e\" data-element_type=\"widget\" data-e-type=\"widget\" data-widget_type=\"text-editor.default\">\n\t\t\t\t\t\t\t\t\t<p>Hjernen k\u00f8re for st\u00e6rkt til at f\u00e5 ro i krop og sind. Arbejdet med h\u00e6nder giver en mindfullnes flow, som giver kroppen, s\u00e5vel som sindet ro.<br \/>Fordyb dig i keramikken og giv dig selv f\u00f8lelsen af kontrol, med et terapeutisk guidening til forskellige opgaver ud fra dit valgte tema.<\/p>\t\t\t\t\t\t\t\t<\/div>\n\t\t\t\t<div class=\"elementor-element elementor-element-fdb8f77 elementor-widget elementor-widget-image\" data-id=\"fdb8f77\" data-element_type=\"widget\" data-e-type=\"widget\" data-widget_type=\"image.default\">\n\t\t\t\t\t\t\t\t\t\t\t\t\t\t\t<img decoding=\"async\" width=\"768\" height=\"1024\" src=\"https:\/\/riise-terapi.com\/wp-content\/uploads\/2025\/08\/IMG_2731-768x1024.jpg\" class=\"attachment-large size-large wp-image-134\" alt=\"\" srcset=\"https:\/\/riise-terapi.com\/wp-content\/uploads\/2025\/08\/IMG_2731-768x1024.jpg 768w, https:\/\/riise-terapi.com\/wp-content\/uploads\/2025\/08\/IMG_2731-225x300.jpg 225w, https:\/\/riise-terapi.com\/wp-content\/uploads\/2025\/08\/IMG_2731-1152x1536.jpg 1152w, https:\/\/riise-terapi.com\/wp-content\/uploads\/2025\/08\/IMG_2731-1536x2048.jpg 1536w, https:\/\/riise-terapi.com\/wp-content\/uploads\/2025\/08\/IMG_2731-scaled.jpg 1920w\" sizes=\"(max-width: 768px) 100vw, 768px\" \/>\t\t\t\t\t\t\t\t\t\t\t\t\t\t\t<\/div>\n\t\t\t\t<\/div>\n\t\t\t\t\t<\/div>\n\t\t\t\t<\/div>\n\t\t\t\t<\/div>\n\t\t","protected":false},"excerpt":{"rendered":"<p>Sanser fremmer ord N\u00e5r ord ikke sl\u00e5r til, kan vi udtrykke os gennem materialer, farver og form. Hvad kan keramiktrapien g\u00f8re for dig? Hjernen k\u00f8re for st\u00e6rkt til at f\u00e5 ro i krop og sind. Arbejdet med h\u00e6nder giver en mindfullnes flow, som giver kroppen, s\u00e5vel som sindet ro.Fordyb dig i keramikken og giv dig [&hellip;]<\/p>\n","protected":false},"author":1,"featured_media":0,"parent":0,"menu_order":0,"comment_status":"closed","ping_status":"closed","template":"","meta":{"footnotes":""},"class_list":["post-17","page","type-page","status-publish","hentry"],"yoast_head":"<!-- This site is optimized with the Yoast SEO plugin v27.4 - https:\/\/yoast.com\/product\/yoast-seo-wordpress\/ -->\n<title>Kunst Keramik Terapi - Riise Terapi<\/title>\n<meta name=\"robots\" content=\"index, follow, max-snippet:-1, max-image-preview:large, max-video-preview:-1\" \/>\n<link rel=\"canonical\" href=\"https:\/\/riise-terapi.com\/index.php\/kunst-keramik-terapi\/\" \/>\n<meta property=\"og:locale\" content=\"da_DK\" \/>\n<meta property=\"og:type\" content=\"article\" \/>\n<meta property=\"og:title\" content=\"Kunst Keramik Terapi - Riise Terapi\" \/>\n<meta property=\"og:description\" content=\"Sanser fremmer ord N\u00e5r ord ikke sl\u00e5r til, kan vi udtrykke os gennem materialer, farver og form. Hvad kan keramiktrapien g\u00f8re for dig? Hjernen k\u00f8re for st\u00e6rkt til at f\u00e5 ro i krop og sind. Arbejdet med h\u00e6nder giver en mindfullnes flow, som giver kroppen, s\u00e5vel som sindet ro.Fordyb dig i keramikken og giv dig [&hellip;]\" \/>\n<meta property=\"og:url\" content=\"https:\/\/riise-terapi.com\/index.php\/kunst-keramik-terapi\/\" \/>\n<meta property=\"og:site_name\" content=\"Riise Terapi\" \/>\n<meta property=\"article:modified_time\" content=\"2025-09-06T14:37:53+00:00\" \/>\n<meta property=\"og:image\" content=\"https:\/\/riise-terapi.com\/wp-content\/uploads\/2025\/08\/IMG_2905-scaled.jpg\" \/>\n\t<meta property=\"og:image:width\" content=\"1920\" \/>\n\t<meta property=\"og:image:height\" content=\"2560\" \/>\n\t<meta property=\"og:image:type\" content=\"image\/jpeg\" \/>\n<meta name=\"twitter:card\" content=\"summary_large_image\" \/>\n<meta name=\"twitter:label1\" content=\"Estimeret l\u00e6setid\" \/>\n\t<meta name=\"twitter:data1\" content=\"1 minut\" \/>\n<script type=\"application\/ld+json\" class=\"yoast-schema-graph\">{\"@context\":\"https:\\\/\\\/schema.org\",\"@graph\":[{\"@type\":\"WebPage\",\"@id\":\"https:\\\/\\\/riise-terapi.com\\\/index.php\\\/kunst-keramik-terapi\\\/\",\"url\":\"https:\\\/\\\/riise-terapi.com\\\/index.php\\\/kunst-keramik-terapi\\\/\",\"name\":\"Kunst Keramik Terapi - Riise Terapi\",\"isPartOf\":{\"@id\":\"https:\\\/\\\/riise-terapi.com\\\/#website\"},\"primaryImageOfPage\":{\"@id\":\"https:\\\/\\\/riise-terapi.com\\\/index.php\\\/kunst-keramik-terapi\\\/#primaryimage\"},\"image\":{\"@id\":\"https:\\\/\\\/riise-terapi.com\\\/index.php\\\/kunst-keramik-terapi\\\/#primaryimage\"},\"thumbnailUrl\":\"https:\\\/\\\/riise-terapi.com\\\/wp-content\\\/uploads\\\/2025\\\/08\\\/IMG_2905-scaled.jpg\",\"datePublished\":\"2025-07-19T21:54:36+00:00\",\"dateModified\":\"2025-09-06T14:37:53+00:00\",\"breadcrumb\":{\"@id\":\"https:\\\/\\\/riise-terapi.com\\\/index.php\\\/kunst-keramik-terapi\\\/#breadcrumb\"},\"inLanguage\":\"da-DK\",\"potentialAction\":[{\"@type\":\"ReadAction\",\"target\":[\"https:\\\/\\\/riise-terapi.com\\\/index.php\\\/kunst-keramik-terapi\\\/\"]}]},{\"@type\":\"ImageObject\",\"inLanguage\":\"da-DK\",\"@id\":\"https:\\\/\\\/riise-terapi.com\\\/index.php\\\/kunst-keramik-terapi\\\/#primaryimage\",\"url\":\"https:\\\/\\\/riise-terapi.com\\\/wp-content\\\/uploads\\\/2025\\\/08\\\/IMG_2905-scaled.jpg\",\"contentUrl\":\"https:\\\/\\\/riise-terapi.com\\\/wp-content\\\/uploads\\\/2025\\\/08\\\/IMG_2905-scaled.jpg\",\"width\":1920,\"height\":2560},{\"@type\":\"BreadcrumbList\",\"@id\":\"https:\\\/\\\/riise-terapi.com\\\/index.php\\\/kunst-keramik-terapi\\\/#breadcrumb\",\"itemListElement\":[{\"@type\":\"ListItem\",\"position\":1,\"name\":\"Hjem\",\"item\":\"https:\\\/\\\/riise-terapi.com\\\/\"},{\"@type\":\"ListItem\",\"position\":2,\"name\":\"Kunst Keramik Terapi\"}]},{\"@type\":\"WebSite\",\"@id\":\"https:\\\/\\\/riise-terapi.com\\\/#website\",\"url\":\"https:\\\/\\\/riise-terapi.com\\\/\",\"name\":\"Riise Terapi\",\"description\":\"\",\"potentialAction\":[{\"@type\":\"SearchAction\",\"target\":{\"@type\":\"EntryPoint\",\"urlTemplate\":\"https:\\\/\\\/riise-terapi.com\\\/?s={search_term_string}\"},\"query-input\":{\"@type\":\"PropertyValueSpecification\",\"valueRequired\":true,\"valueName\":\"search_term_string\"}}],\"inLanguage\":\"da-DK\"}]}<\/script>\n<!-- \/ Yoast SEO plugin. -->","yoast_head_json":{"title":"Kunst Keramik Terapi - Riise Terapi","robots":{"index":"index","follow":"follow","max-snippet":"max-snippet:-1","max-image-preview":"max-image-preview:large","max-video-preview":"max-video-preview:-1"},"canonical":"https:\/\/riise-terapi.com\/index.php\/kunst-keramik-terapi\/","og_locale":"da_DK","og_type":"article","og_title":"Kunst Keramik Terapi - Riise Terapi","og_description":"Sanser fremmer ord N\u00e5r ord ikke sl\u00e5r til, kan vi udtrykke os gennem materialer, farver og form. Hvad kan keramiktrapien g\u00f8re for dig? Hjernen k\u00f8re for st\u00e6rkt til at f\u00e5 ro i krop og sind. Arbejdet med h\u00e6nder giver en mindfullnes flow, som giver kroppen, s\u00e5vel som sindet ro.Fordyb dig i keramikken og giv dig [&hellip;]","og_url":"https:\/\/riise-terapi.com\/index.php\/kunst-keramik-terapi\/","og_site_name":"Riise Terapi","article_modified_time":"2025-09-06T14:37:53+00:00","og_image":[{"width":1920,"height":2560,"url":"https:\/\/riise-terapi.com\/wp-content\/uploads\/2025\/08\/IMG_2905-scaled.jpg","type":"image\/jpeg"}],"twitter_card":"summary_large_image","twitter_misc":{"Estimeret l\u00e6setid":"1 minut"},"schema":{"@context":"https:\/\/schema.org","@graph":[{"@type":"WebPage","@id":"https:\/\/riise-terapi.com\/index.php\/kunst-keramik-terapi\/","url":"https:\/\/riise-terapi.com\/index.php\/kunst-keramik-terapi\/","name":"Kunst Keramik Terapi - Riise Terapi","isPartOf":{"@id":"https:\/\/riise-terapi.com\/#website"},"primaryImageOfPage":{"@id":"https:\/\/riise-terapi.com\/index.php\/kunst-keramik-terapi\/#primaryimage"},"image":{"@id":"https:\/\/riise-terapi.com\/index.php\/kunst-keramik-terapi\/#primaryimage"},"thumbnailUrl":"https:\/\/riise-terapi.com\/wp-content\/uploads\/2025\/08\/IMG_2905-scaled.jpg","datePublished":"2025-07-19T21:54:36+00:00","dateModified":"2025-09-06T14:37:53+00:00","breadcrumb":{"@id":"https:\/\/riise-terapi.com\/index.php\/kunst-keramik-terapi\/#breadcrumb"},"inLanguage":"da-DK","potentialAction":[{"@type":"ReadAction","target":["https:\/\/riise-terapi.com\/index.php\/kunst-keramik-terapi\/"]}]},{"@type":"ImageObject","inLanguage":"da-DK","@id":"https:\/\/riise-terapi.com\/index.php\/kunst-keramik-terapi\/#primaryimage","url":"https:\/\/riise-terapi.com\/wp-content\/uploads\/2025\/08\/IMG_2905-scaled.jpg","contentUrl":"https:\/\/riise-terapi.com\/wp-content\/uploads\/2025\/08\/IMG_2905-scaled.jpg","width":1920,"height":2560},{"@type":"BreadcrumbList","@id":"https:\/\/riise-terapi.com\/index.php\/kunst-keramik-terapi\/#breadcrumb","itemListElement":[{"@type":"ListItem","position":1,"name":"Hjem","item":"https:\/\/riise-terapi.com\/"},{"@type":"ListItem","position":2,"name":"Kunst Keramik Terapi"}]},{"@type":"WebSite","@id":"https:\/\/riise-terapi.com\/#website","url":"https:\/\/riise-terapi.com\/","name":"Riise Terapi","description":"","potentialAction":[{"@type":"SearchAction","target":{"@type":"EntryPoint","urlTemplate":"https:\/\/riise-terapi.com\/?s={search_term_string}"},"query-input":{"@type":"PropertyValueSpecification","valueRequired":true,"valueName":"search_term_string"}}],"inLanguage":"da-DK"}]}},"_links":{"self":[{"href":"https:\/\/riise-terapi.com\/index.php\/wp-json\/wp\/v2\/pages\/17","targetHints":{"allow":["GET"]}}],"collection":[{"href":"https:\/\/riise-terapi.com\/index.php\/wp-json\/wp\/v2\/pages"}],"about":[{"href":"https:\/\/riise-terapi.com\/index.php\/wp-json\/wp\/v2\/types\/page"}],"author":[{"embeddable":true,"href":"https:\/\/riise-terapi.com\/index.php\/wp-json\/wp\/v2\/users\/1"}],"replies":[{"embeddable":true,"href":"https:\/\/riise-terapi.com\/index.php\/wp-json\/wp\/v2\/comments?post=17"}],"version-history":[{"count":74,"href":"https:\/\/riise-terapi.com\/index.php\/wp-json\/wp\/v2\/pages\/17\/revisions"}],"predecessor-version":[{"id":285,"href":"https:\/\/riise-terapi.com\/index.php\/wp-json\/wp\/v2\/pages\/17\/revisions\/285"}],"wp:attachment":[{"href":"https:\/\/riise-terapi.com\/index.php\/wp-json\/wp\/v2\/media?parent=17"}],"curies":[{"name":"wp","href":"https:\/\/api.w.org\/{rel}","templated":true}]}}