{"id":18,"date":"2025-07-19T21:54:36","date_gmt":"2025-07-19T21:54:36","guid":{"rendered":"https:\/\/riise-terapi.com\/index.php\/terapi\/"},"modified":"2025-09-06T14:35:07","modified_gmt":"2025-09-06T12:35:07","slug":"terapi","status":"publish","type":"page","link":"https:\/\/riise-terapi.com\/index.php\/terapi\/","title":{"rendered":"Terapi"},"content":{"rendered":"\t\t<div data-elementor-type=\"wp-page\" data-elementor-id=\"18\" class=\"elementor elementor-18\">\n\t\t\t\t<div class=\"elementor-element elementor-element-0cbd8d7 e-flex e-con-boxed e-con e-parent\" data-id=\"0cbd8d7\" data-element_type=\"container\" data-e-type=\"container\" data-settings=\"{&quot;background_background&quot;:&quot;classic&quot;}\">\n\t\t\t\t\t<div class=\"e-con-inner\">\n\t\t<div class=\"elementor-element elementor-element-5e03ecf e-con-full e-flex e-con e-child\" data-id=\"5e03ecf\" data-element_type=\"container\" data-e-type=\"container\">\n\t\t\t\t<div class=\"elementor-element elementor-element-7c94449 elementor-widget elementor-widget-heading\" data-id=\"7c94449\" data-element_type=\"widget\" data-e-type=\"widget\" data-widget_type=\"heading.default\">\n\t\t\t\t\t<h2 class=\"elementor-heading-title elementor-size-default\">De forskellige Terapier<\/h2>\t\t\t\t<\/div>\n\t\t\t\t<\/div>\n\t\t<div class=\"elementor-element elementor-element-5f74989 e-con-full e-flex e-con e-child\" data-id=\"5f74989\" data-element_type=\"container\" data-e-type=\"container\">\n\t\t\t\t<div class=\"elementor-element elementor-element-6239828 elementor-widget elementor-widget-text-editor\" data-id=\"6239828\" data-element_type=\"widget\" data-e-type=\"widget\" data-widget_type=\"text-editor.default\">\n\t\t\t\t\t\t\t\t\t<p>Hos mig er terapi ikke \u00e9n fast formel. Det er en bev\u00e6gels tilpasset dig, dine behov og din m\u00e5de at v\u00e6re i verden p\u00e5. Nogle gange er det ord, der \u00e5bner, andre gange kroppen eller h\u00e6nderne. Uanset hvilken vej du g\u00e5r, er du aldrig alene.<\/p>\t\t\t\t\t\t\t\t<\/div>\n\t\t\t\t<\/div>\n\t\t\t\t\t<\/div>\n\t\t\t\t<\/div>\n\t\t<div class=\"elementor-element elementor-element-405c8b0 e-flex e-con-boxed e-con e-parent\" data-id=\"405c8b0\" data-element_type=\"container\" data-e-type=\"container\" data-settings=\"{&quot;background_background&quot;:&quot;classic&quot;}\">\n\t\t\t\t\t<div class=\"e-con-inner\">\n\t\t<div class=\"elementor-element elementor-element-c510d93 e-con-full e-flex e-con e-child\" data-id=\"c510d93\" data-element_type=\"container\" data-e-type=\"container\">\n\t\t<div class=\"elementor-element elementor-element-888ddd1 e-con-full e-flex e-con e-child\" data-id=\"888ddd1\" data-element_type=\"container\" data-e-type=\"container\">\n\t\t\t\t<div class=\"elementor-element elementor-element-523c0a3 elementor-widget elementor-widget-heading\" data-id=\"523c0a3\" data-element_type=\"widget\" data-e-type=\"widget\" data-widget_type=\"heading.default\">\n\t\t\t\t\t<h2 class=\"elementor-heading-title elementor-size-default\">Faste terapi former<\/h2>\t\t\t\t<\/div>\n\t\t\t\t<div class=\"elementor-element elementor-element-e525d67 elementor-widget elementor-widget-text-editor\" data-id=\"e525d67\" data-element_type=\"widget\" data-e-type=\"widget\" data-widget_type=\"text-editor.default\">\n\t\t\t\t\t\t\t\t\t<ul><li data-start=\"369\" data-end=\"505\"><p data-start=\"371\" data-end=\"505\"><strong data-start=\"371\" data-end=\"399\">Individuel samtaleterapi<\/strong><br data-start=\"399\" data-end=\"402\" \/>Et fortroligt rum hvor du kan s\u00e6tte ord p\u00e5 det, der fylder \u2013 og blive m\u00f8dt med ro, n\u00e6rv\u00e6r og respekt.<\/p><\/li><li data-start=\"507\" data-end=\"643\"><p data-start=\"509\" data-end=\"643\"><strong data-start=\"509\" data-end=\"528\">Keramisk terapi<\/strong><br data-start=\"528\" data-end=\"531\" \/>Kreativ terapi med h\u00e6nderne i centrum. En sanselig og meditativ vej til kontakt med dig selv og dine f\u00f8lelser.<\/p><\/li><li data-start=\"645\" data-end=\"807\"><p data-start=\"647\" data-end=\"807\"><strong data-start=\"647\" data-end=\"678\">Parterapi \/ relationsterapi<\/strong><br data-start=\"678\" data-end=\"681\" \/>For to eller flere, der \u00f8nsker at forst\u00e5 hinanden bedre. Det kan v\u00e6re romantiske partnere, s\u00f8skende, venner eller kollegaer.<\/p><\/li><li data-start=\"809\" data-end=\"950\"><p data-start=\"811\" data-end=\"950\"><strong data-start=\"811\" data-end=\"841\">Kropsterapi og sanseterapi<\/strong><br data-start=\"841\" data-end=\"844\" \/>Her arbejder vi med kroppen som indgang til det psykiske. Fokus p\u00e5 sansning, bev\u00e6gelse og n\u00e6rv\u00e6r i nuet.<\/p><\/li><li data-start=\"952\" data-end=\"1100\"><p data-start=\"954\" data-end=\"1100\"><strong data-start=\"954\" data-end=\"988\">Supervision og faglig sparring<\/strong><br data-start=\"988\" data-end=\"991\" \/>For psykoterapeuter og andre fagpersoner, der \u00f8nsker et fagligt frirum med st\u00f8tte, refleksion og udvikling.<\/p><\/li><\/ul>\t\t\t\t\t\t\t\t<\/div>\n\t\t\t\t<\/div>\n\t\t\t\t<\/div>\n\t\t<div class=\"elementor-element elementor-element-2507f8f e-flex e-con-boxed e-con e-child\" data-id=\"2507f8f\" data-element_type=\"container\" data-e-type=\"container\">\n\t\t\t\t\t<div class=\"e-con-inner\">\n\t\t\t\t<div class=\"elementor-element elementor-element-c1b8148 elementor-widget elementor-widget-image\" data-id=\"c1b8148\" data-element_type=\"widget\" data-e-type=\"widget\" data-widget_type=\"image.default\">\n\t\t\t\t\t\t\t\t\t\t\t\t\t\t\t<img fetchpriority=\"high\" decoding=\"async\" width=\"800\" height=\"534\" src=\"https:\/\/riise-terapi.com\/wp-content\/uploads\/2025\/08\/terapeut-maj-1024x683.jpg\" class=\"attachment-large size-large wp-image-182\" alt=\"\" srcset=\"https:\/\/riise-terapi.com\/wp-content\/uploads\/2025\/08\/terapeut-maj-1024x683.jpg 1024w, https:\/\/riise-terapi.com\/wp-content\/uploads\/2025\/08\/terapeut-maj-300x200.jpg 300w, https:\/\/riise-terapi.com\/wp-content\/uploads\/2025\/08\/terapeut-maj-768x512.jpg 768w, https:\/\/riise-terapi.com\/wp-content\/uploads\/2025\/08\/terapeut-maj-1536x1024.jpg 1536w, https:\/\/riise-terapi.com\/wp-content\/uploads\/2025\/08\/terapeut-maj-2048x1365.jpg 2048w\" sizes=\"(max-width: 800px) 100vw, 800px\" \/>\t\t\t\t\t\t\t\t\t\t\t\t\t\t\t<\/div>\n\t\t\t\t\t<\/div>\n\t\t\t\t<\/div>\n\t\t\t\t\t<\/div>\n\t\t\t\t<\/div>\n\t\t\t\t<\/div>\n\t\t","protected":false},"excerpt":{"rendered":"<p>De forskellige Terapier Hos mig er terapi ikke \u00e9n fast formel. Det er en bev\u00e6gels tilpasset dig, dine behov og din m\u00e5de at v\u00e6re i verden p\u00e5. Nogle gange er det ord, der \u00e5bner, andre gange kroppen eller h\u00e6nderne. Uanset hvilken vej du g\u00e5r, er du aldrig alene. Faste terapi former Individuel samtaleterapiEt fortroligt rum [&hellip;]<\/p>\n","protected":false},"author":1,"featured_media":0,"parent":0,"menu_order":0,"comment_status":"closed","ping_status":"closed","template":"","meta":{"footnotes":""},"class_list":["post-18","page","type-page","status-publish","hentry"],"yoast_head":"<!-- This site is optimized with the Yoast SEO plugin v27.4 - https:\/\/yoast.com\/product\/yoast-seo-wordpress\/ -->\n<title>Terapi - Riise Terapi<\/title>\n<meta name=\"robots\" content=\"index, follow, max-snippet:-1, max-image-preview:large, max-video-preview:-1\" \/>\n<link rel=\"canonical\" href=\"https:\/\/riise-terapi.com\/index.php\/terapi\/\" \/>\n<meta property=\"og:locale\" content=\"da_DK\" \/>\n<meta property=\"og:type\" content=\"article\" \/>\n<meta property=\"og:title\" content=\"Terapi - Riise Terapi\" \/>\n<meta property=\"og:description\" content=\"De forskellige Terapier Hos mig er terapi ikke \u00e9n fast formel. Det er en bev\u00e6gels tilpasset dig, dine behov og din m\u00e5de at v\u00e6re i verden p\u00e5. Nogle gange er det ord, der \u00e5bner, andre gange kroppen eller h\u00e6nderne. Uanset hvilken vej du g\u00e5r, er du aldrig alene. Faste terapi former Individuel samtaleterapiEt fortroligt rum [&hellip;]\" \/>\n<meta property=\"og:url\" content=\"https:\/\/riise-terapi.com\/index.php\/terapi\/\" \/>\n<meta property=\"og:site_name\" content=\"Riise Terapi\" \/>\n<meta property=\"article:modified_time\" content=\"2025-09-06T12:35:07+00:00\" \/>\n<meta property=\"og:image\" content=\"https:\/\/riise-terapi.com\/wp-content\/uploads\/2025\/08\/terapeut-maj-scaled.jpg\" \/>\n\t<meta property=\"og:image:width\" content=\"2560\" \/>\n\t<meta property=\"og:image:height\" content=\"1707\" \/>\n\t<meta property=\"og:image:type\" content=\"image\/jpeg\" \/>\n<meta name=\"twitter:card\" content=\"summary_large_image\" \/>\n<meta name=\"twitter:label1\" content=\"Estimeret l\u00e6setid\" \/>\n\t<meta name=\"twitter:data1\" content=\"1 minut\" \/>\n<script type=\"application\/ld+json\" class=\"yoast-schema-graph\">{\"@context\":\"https:\\\/\\\/schema.org\",\"@graph\":[{\"@type\":\"WebPage\",\"@id\":\"https:\\\/\\\/riise-terapi.com\\\/index.php\\\/terapi\\\/\",\"url\":\"https:\\\/\\\/riise-terapi.com\\\/index.php\\\/terapi\\\/\",\"name\":\"Terapi - Riise Terapi\",\"isPartOf\":{\"@id\":\"https:\\\/\\\/riise-terapi.com\\\/#website\"},\"primaryImageOfPage\":{\"@id\":\"https:\\\/\\\/riise-terapi.com\\\/index.php\\\/terapi\\\/#primaryimage\"},\"image\":{\"@id\":\"https:\\\/\\\/riise-terapi.com\\\/index.php\\\/terapi\\\/#primaryimage\"},\"thumbnailUrl\":\"https:\\\/\\\/riise-terapi.com\\\/wp-content\\\/uploads\\\/2025\\\/08\\\/terapeut-maj-1024x683.jpg\",\"datePublished\":\"2025-07-19T21:54:36+00:00\",\"dateModified\":\"2025-09-06T12:35:07+00:00\",\"breadcrumb\":{\"@id\":\"https:\\\/\\\/riise-terapi.com\\\/index.php\\\/terapi\\\/#breadcrumb\"},\"inLanguage\":\"da-DK\",\"potentialAction\":[{\"@type\":\"ReadAction\",\"target\":[\"https:\\\/\\\/riise-terapi.com\\\/index.php\\\/terapi\\\/\"]}]},{\"@type\":\"ImageObject\",\"inLanguage\":\"da-DK\",\"@id\":\"https:\\\/\\\/riise-terapi.com\\\/index.php\\\/terapi\\\/#primaryimage\",\"url\":\"https:\\\/\\\/riise-terapi.com\\\/wp-content\\\/uploads\\\/2025\\\/08\\\/terapeut-maj-scaled.jpg\",\"contentUrl\":\"https:\\\/\\\/riise-terapi.com\\\/wp-content\\\/uploads\\\/2025\\\/08\\\/terapeut-maj-scaled.jpg\",\"width\":2560,\"height\":1707},{\"@type\":\"BreadcrumbList\",\"@id\":\"https:\\\/\\\/riise-terapi.com\\\/index.php\\\/terapi\\\/#breadcrumb\",\"itemListElement\":[{\"@type\":\"ListItem\",\"position\":1,\"name\":\"Hjem\",\"item\":\"https:\\\/\\\/riise-terapi.com\\\/\"},{\"@type\":\"ListItem\",\"position\":2,\"name\":\"Terapi\"}]},{\"@type\":\"WebSite\",\"@id\":\"https:\\\/\\\/riise-terapi.com\\\/#website\",\"url\":\"https:\\\/\\\/riise-terapi.com\\\/\",\"name\":\"Riise Terapi\",\"description\":\"\",\"potentialAction\":[{\"@type\":\"SearchAction\",\"target\":{\"@type\":\"EntryPoint\",\"urlTemplate\":\"https:\\\/\\\/riise-terapi.com\\\/?s={search_term_string}\"},\"query-input\":{\"@type\":\"PropertyValueSpecification\",\"valueRequired\":true,\"valueName\":\"search_term_string\"}}],\"inLanguage\":\"da-DK\"}]}<\/script>\n<!-- \/ Yoast SEO plugin. -->","yoast_head_json":{"title":"Terapi - Riise Terapi","robots":{"index":"index","follow":"follow","max-snippet":"max-snippet:-1","max-image-preview":"max-image-preview:large","max-video-preview":"max-video-preview:-1"},"canonical":"https:\/\/riise-terapi.com\/index.php\/terapi\/","og_locale":"da_DK","og_type":"article","og_title":"Terapi - Riise Terapi","og_description":"De forskellige Terapier Hos mig er terapi ikke \u00e9n fast formel. Det er en bev\u00e6gels tilpasset dig, dine behov og din m\u00e5de at v\u00e6re i verden p\u00e5. Nogle gange er det ord, der \u00e5bner, andre gange kroppen eller h\u00e6nderne. Uanset hvilken vej du g\u00e5r, er du aldrig alene. Faste terapi former Individuel samtaleterapiEt fortroligt rum [&hellip;]","og_url":"https:\/\/riise-terapi.com\/index.php\/terapi\/","og_site_name":"Riise Terapi","article_modified_time":"2025-09-06T12:35:07+00:00","og_image":[{"width":2560,"height":1707,"url":"https:\/\/riise-terapi.com\/wp-content\/uploads\/2025\/08\/terapeut-maj-scaled.jpg","type":"image\/jpeg"}],"twitter_card":"summary_large_image","twitter_misc":{"Estimeret l\u00e6setid":"1 minut"},"schema":{"@context":"https:\/\/schema.org","@graph":[{"@type":"WebPage","@id":"https:\/\/riise-terapi.com\/index.php\/terapi\/","url":"https:\/\/riise-terapi.com\/index.php\/terapi\/","name":"Terapi - Riise Terapi","isPartOf":{"@id":"https:\/\/riise-terapi.com\/#website"},"primaryImageOfPage":{"@id":"https:\/\/riise-terapi.com\/index.php\/terapi\/#primaryimage"},"image":{"@id":"https:\/\/riise-terapi.com\/index.php\/terapi\/#primaryimage"},"thumbnailUrl":"https:\/\/riise-terapi.com\/wp-content\/uploads\/2025\/08\/terapeut-maj-1024x683.jpg","datePublished":"2025-07-19T21:54:36+00:00","dateModified":"2025-09-06T12:35:07+00:00","breadcrumb":{"@id":"https:\/\/riise-terapi.com\/index.php\/terapi\/#breadcrumb"},"inLanguage":"da-DK","potentialAction":[{"@type":"ReadAction","target":["https:\/\/riise-terapi.com\/index.php\/terapi\/"]}]},{"@type":"ImageObject","inLanguage":"da-DK","@id":"https:\/\/riise-terapi.com\/index.php\/terapi\/#primaryimage","url":"https:\/\/riise-terapi.com\/wp-content\/uploads\/2025\/08\/terapeut-maj-scaled.jpg","contentUrl":"https:\/\/riise-terapi.com\/wp-content\/uploads\/2025\/08\/terapeut-maj-scaled.jpg","width":2560,"height":1707},{"@type":"BreadcrumbList","@id":"https:\/\/riise-terapi.com\/index.php\/terapi\/#breadcrumb","itemListElement":[{"@type":"ListItem","position":1,"name":"Hjem","item":"https:\/\/riise-terapi.com\/"},{"@type":"ListItem","position":2,"name":"Terapi"}]},{"@type":"WebSite","@id":"https:\/\/riise-terapi.com\/#website","url":"https:\/\/riise-terapi.com\/","name":"Riise Terapi","description":"","potentialAction":[{"@type":"SearchAction","target":{"@type":"EntryPoint","urlTemplate":"https:\/\/riise-terapi.com\/?s={search_term_string}"},"query-input":{"@type":"PropertyValueSpecification","valueRequired":true,"valueName":"search_term_string"}}],"inLanguage":"da-DK"}]}},"_links":{"self":[{"href":"https:\/\/riise-terapi.com\/index.php\/wp-json\/wp\/v2\/pages\/18","targetHints":{"allow":["GET"]}}],"collection":[{"href":"https:\/\/riise-terapi.com\/index.php\/wp-json\/wp\/v2\/pages"}],"about":[{"href":"https:\/\/riise-terapi.com\/index.php\/wp-json\/wp\/v2\/types\/page"}],"author":[{"embeddable":true,"href":"https:\/\/riise-terapi.com\/index.php\/wp-json\/wp\/v2\/users\/1"}],"replies":[{"embeddable":true,"href":"https:\/\/riise-terapi.com\/index.php\/wp-json\/wp\/v2\/comments?post=18"}],"version-history":[{"count":13,"href":"https:\/\/riise-terapi.com\/index.php\/wp-json\/wp\/v2\/pages\/18\/revisions"}],"predecessor-version":[{"id":255,"href":"https:\/\/riise-terapi.com\/index.php\/wp-json\/wp\/v2\/pages\/18\/revisions\/255"}],"wp:attachment":[{"href":"https:\/\/riise-terapi.com\/index.php\/wp-json\/wp\/v2\/media?parent=18"}],"curies":[{"name":"wp","href":"https:\/\/api.w.org\/{rel}","templated":true}]}}